{"id":1091,"date":"2025-03-03T21:35:28","date_gmt":"2025-03-03T21:35:28","guid":{"rendered":"https:\/\/articulosmedschool.com\/?post_type=product&#038;p=1091"},"modified":"2025-03-03T22:02:04","modified_gmt":"2025-03-03T22:02:04","slug":"adhesivo-en-tira-ibi-craft","status":"publish","type":"product","link":"https:\/\/articulosmedschool.com\/index.php\/product\/adhesivo-en-tira-ibi-craft\/","title":{"rendered":"Adhesivo en tira Ibi Craft"},"content":{"rendered":"<p>Puntero retr\u00e1ctil de adhesivo en tira IBI CRAFT, 5mm x 3mts, traza mediante presi\u00f3n banda uniforme de puntos adhesivos. Ideal para \u00e1lbumes de recortes, creaci\u00f3n de tarjetas, proyectos y manualidades en papel.<\/p>\n","protected":false},"excerpt":{"rendered":"<p>Puntero retr\u00e1ctil de adhesivo en tira IBI CRAFT, 5mm x 3mts, traza mediante presi\u00f3n banda uniforme de puntos adhesivos. Ideal para \u00e1lbumes de recortes, creaci\u00f3n de tarjetas, proyectos y manualidades en papel.<\/p>\n","protected":false},"featured_media":1092,"template":"","meta":{"site-sidebar-layout":"default","site-content-layout":"default","ast-main-header-display":"","ast-hfb-above-header-display":"","ast-hfb-below-header-display":"","ast-hfb-mobile-header-display":"","site-post-title":"","ast-breadcrumbs-content":"","ast-featured-img":"","footer-sml-layout":"","theme-transparent-header-meta":"default","adv-header-id-meta":"","stick-header-meta":"","header-above-stick-meta":"","header-main-stick-meta":"","header-below-stick-meta":"","_joinchat":[]},"product_cat":[109],"product_tag":[],"_links":{"self":[{"href":"https:\/\/articulosmedschool.com\/index.php\/wp-json\/wp\/v2\/product\/1091"}],"collection":[{"href":"https:\/\/articulosmedschool.com\/index.php\/wp-json\/wp\/v2\/product"}],"about":[{"href":"https:\/\/articulosmedschool.com\/index.php\/wp-json\/wp\/v2\/types\/product"}],"wp:featuredmedia":[{"embeddable":true,"href":"https:\/\/articulosmedschool.com\/index.php\/wp-json\/wp\/v2\/media\/1092"}],"wp:attachment":[{"href":"https:\/\/articulosmedschool.com\/index.php\/wp-json\/wp\/v2\/media?parent=1091"}],"wp:term":[{"taxonomy":"product_cat","embeddable":true,"href":"https:\/\/articulosmedschool.com\/index.php\/wp-json\/wp\/v2\/product_cat?post=1091"},{"taxonomy":"product_tag","embeddable":true,"href":"https:\/\/articulosmedschool.com\/index.php\/wp-json\/wp\/v2\/product_tag?post=1091"}],"curies":[{"name":"wp","href":"https:\/\/api.w.org\/{rel}","templated":true}]}}